{"id":195,"date":"2019-04-15T19:07:03","date_gmt":"2019-04-15T22:07:03","guid":{"rendered":"http:\/\/ritmoenelarte.com\/?page_id=195"},"modified":"2019-04-15T19:07:03","modified_gmt":"2019-04-15T22:07:03","slug":"pascalmichon","status":"publish","type":"page","link":"https:\/\/conferencia.ritmoenelarte.com\/index.php\/pascalmichon\/","title":{"rendered":"Pascal Michon"},"content":{"rendered":"\n\t\t\t\t\n<figure class=\"wp-block-image\"><img loading=\"lazy\" decoding=\"async\" width=\"267\" height=\"300\" src=\"http:\/\/conferencia.ritmoenelarte.com\/wp-content\/uploads\/2019\/04\/Pascal1.jpg\" alt=\"\" class=\"wp-image-40\"\/><figcaption>Pascal Michon<\/figcaption><\/figure>\n\n\n\n<p>Fil\u00f3sofo e historiador franc\u00e9s. Es Ph.D. en Historia, \u00c9cole des \nHautes \u00c9tudes en Sciences Sociales \u2013 EHESS, Par\u00eds. Le Goff J. (dir.), \n1995: \u201cIndividuatio. Pour une anthro\u00adpo\u00adlo\u00adgie histori\u00adque de la \nmodernit\u00e9. Contribution \u00e0 une criti\u00adque des sciences sociales\u201d. Es Ph.D.\n en Filosof\u00eda (Habilitaci\u00f3n de Investigaci\u00f3n), Escuela Normal Superior \nde Lyon. Sr. Senellart (dir.), 2009. \u201cPour une philosophie \u00e9thique et \npolitique \u00e0 l\u2019\u00e8re du capitalisme mondialis\u00e9. De l\u2019histoire du sujet aux \nformes contemporaines d\u2019individuation\u201d. Ha ense\u00f1ado en varias \nuniversidades extranjeras y en el International College of Philosophy. \nActualmente es profesor de educaci\u00f3n superior en la \u00c9cole des Hautes \n\u00c9tudes Claude Monet en Par\u00eds. Tambi\u00e9n es el creador y moderador del \nsitio web y la editorial <a rel=\"noreferrer noopener\" href=\"http:\/\/rhuthmos.eu\" target=\"_blank\">RHUTHMOS<\/a>,\n ambos dedicados a estudios r\u00edtmicos. Sus obras se organizan en torno a \ncuatro ejes principales: 1. La historia del sujeto y el individuo en \nOccidente; 2. Las formas de individuaci\u00f3n y poder en la era del \ncapitalismo globalizado; 3. La genealog\u00eda del concepto de ritmo en las \nciencias del hombre y la sociedad, en la filosof\u00eda y la po\u00e9tica; 4. La \nteor\u00eda del lenguaje y la teor\u00eda literaria.<\/p>\n\n\n\n<p>Publicaciones.<\/p>\n\n\n\n<p>Libros<\/p>\n\n\n\n<p><em>Elements of Rhythmology. III. The Spread of <\/em>Metron<em> \u2013 From the 1840s to the 1910s <\/em>, Paris, Rhuthmos,2019.<\/p>\n\n\n\n<p><em>Elements of Rhythmology. <\/em><em>II. From the Renaissance to the 19<sup>th<\/sup>&nbsp;Century<\/em>, Paris, Rhuthmos,2018.<\/p>\n\n\n\n<p><em>Elements of Rhythmology. I. Antiquity<\/em>, Paris, Rhuthmos,2018.<\/p>\n\n\n\n<p><em>Rythme, pouvoir, mondialisation<\/em> (1<sup>re<\/sup> \u00e9d. 2005), Paris, Rhuthmos, 2016.<\/p>\n\n\n\n<p><em>Rythmologie baroque. Spinoza<\/em>, <em>Leibniz<\/em>,<em> Diderot<\/em>, Paris, Rhuth\u00admos, 2015.<\/p>\n\n\n\n<p><em>Marcel Mauss<\/em><em>&nbsp;retrouv\u00e9. Origines de l\u2019anthropologie du rythme<\/em> (1<sup>re<\/sup>&nbsp;\u00e9d. 2010), Paris, Rhuthmos, 2015.<\/p>\n\n\n\n<p><em>Les Rythmes du politique. D\u00e9mocratie et capitalisme mondialis\u00e9<\/em> (1<sup>re<\/sup>&nbsp;\u00e9d. 2007), Paris, Rhuthmos, 2015.<\/p>\n\n\n\n<p><em>Sujet et individu en Occident. Dumont<\/em>,<em> Elias<\/em>,<em> Meyerson<\/em>,<em> Vernant<\/em>, Paris, Rhuthmos, 2013.<\/p>\n\n\n\n<p><em>Fragments d\u2019inconnu. Pour une histoire du sujet<\/em>, Paris, Le Cerf, 2010.<\/p>\n\n\n\n<p><em> Po\u00e9tique d\u2019une anti-anthropologie. L\u2019herm\u00e9neutique de Gadamer<\/em>, Paris, Vrin, 2000.<\/p>\n\n\n\n<p><em>\u00c9l\u00e9ments d\u2019une histoire du sujet<\/em>, Paris, Kim\u00e9, 1999.<\/p>\n\n\n\n<p>Libros editados<\/p>\n\n\n\n<p>Surveiller et Punir\nde Michel Foucault. Regards critiques 1975-1979 (en collaboration\navec P. Arti\u00e8res, J.-F. Bert, P. Lascoumes, L. Paltrinieri, J.\nRevel, J.-C. Zancarini) Caen, Presses universitaires de Caen, 2011,\n382 p.<\/p>\n\n\n\n<p>Les Mots et les\nChoses de Michel Foucault. Regards critiques 1966-1968 (en\ncollaboration avec P. Arti\u00e8res, J.-F. Bert, P. Chevallier, M.\nPotte-Bonneville, J. Revel, J.-C. Zancarini), Caen, Presses\nuniversitaires de Caen, 2009, 381 p.<\/p>\n\n\n\n<p>Archives de\nl\u2019infamie, (Collectif Maurice Florence \u2013 en collaboration avec P.\nArti\u00e8res, J.-F. Bert, M. Potte-Bonneville, J. Revel), Paris, Les\nPrairies ordinaires, 2009, 156 p.<\/p>\n\n\n\n<p>Zones urbaines\npartag\u00e9es, (en collaboration avec M. Lussaut, T. Sauvadet, E.\nDuring, B. LaBelle, Y.-A. Bois), Saint-Denis, Synesth\u00e9sie, 2008, 94\np.<\/p>\n\n\n\n<p>Les contradictions\ndu travail \u00e0 l\u2019\u00e8re du global, (en collaboration avec J.-C. Aguerre,\nB. Ogilvie, P.-M. Menger), Saint-Denis, Synesth\u00e9sie, 2008, 92 p.<\/p>\n\n\n\n<p>Foucault dans tous\nses \u00e9clats, (en collaboration avec A. Brossat, F. Carnevale, Ph.\nHauser), Paris, L\u2019Harmattan, 2005, 234 p.<\/p>\n\n\n\n<p>Henri Meschonnic, la\npens\u00e9e et le po\u00e8me, (en collaboration avec G. Dessons et S.\nMartin), Paris, In Press, 2005, 276 p.<\/p>\n\n\n\n<p>Avec Henri\nMeschonnic. Les Gestes dans la voix, (dir.) La Rochelle, Rumeur des \nges, 2003, 149 p.<\/p>\n\n\n\n<p>Traducciones<\/p>\n\n\n\n<p>G. Sergi, L\u2019Id\u00e9e\nde Moyen  ge, Paris, Flammarion, coll. Champs, 2000, 112 p., (en\ncollaboration avec C. Paul).<\/p>\n\n\n\n<p>R. Bodei, La\nPhilosophie au XXe si\u00e8cle, Paris, Flammarion, coll. Champs, 1999,\n264 p., (en collaboration avec C. Paul).<\/p>\n\n\n\n<p>Sitio web<\/p>\n\n\n\n<p>RHUTHMOS, Plateforme internationale et transdisciplinaire de  recherche sur les rythmes dans les sciences, les philosophies et les  arts : <a href=\"http:\/\/www.rhuthmos.eu\">http:\/\/www.rhuthmos.eu<\/a><\/p>\n\n\n\n<figure class=\"wp-block-image\"><img loading=\"lazy\" decoding=\"async\" width=\"1024\" height=\"76\" src=\"http:\/\/conferencia.ritmoenelarte.com\/wp-content\/uploads\/2019\/04\/Tira-de-logos-fina-1024x76.png\" alt=\"\" class=\"wp-image-133\" srcset=\"https:\/\/conferencia.ritmoenelarte.com\/wp-content\/uploads\/2019\/04\/Tira-de-logos-fina-1024x76.png 1024w, https:\/\/conferencia.ritmoenelarte.com\/wp-content\/uploads\/2019\/04\/Tira-de-logos-fina-300x22.png 300w, https:\/\/conferencia.ritmoenelarte.com\/wp-content\/uploads\/2019\/04\/Tira-de-logos-fina-768x57.png 768w, https:\/\/conferencia.ritmoenelarte.com\/wp-content\/uploads\/2019\/04\/Tira-de-logos-fina.png 1224w\" sizes=\"auto, (max-width: 767px) 89vw, (max-width: 1000px) 54vw, (max-width: 1071px) 543px, 580px\" \/><\/figure>\n\t\t","protected":false},"excerpt":{"rendered":"<p>Fil\u00f3sofo e historiador franc\u00e9s. Es Ph.D. en Historia, \u00c9cole des Hautes \u00c9tudes en Sciences Sociales \u2013 EHESS, Par\u00eds. Le Goff J. (dir.), 1995: \u201cIndividuatio. Pour une anthro\u00adpo\u00adlo\u00adgie histori\u00adque de la modernit\u00e9. Contribution \u00e0 une criti\u00adque des sciences sociales\u201d. Es Ph.D. en Filosof\u00eda (Habilitaci\u00f3n de Investigaci\u00f3n), Escuela Normal Superior de Lyon. Sr. Senellart (dir.), 2009. \u201cPour &hellip; <\/p>\n<p class=\"link-more\"><a href=\"https:\/\/conferencia.ritmoenelarte.com\/index.php\/pascalmichon\/\" class=\"more-link\">Continue reading<span class=\"screen-reader-text\"> &#8220;Pascal Michon&#8221;<\/span><\/a><\/p>\n","protected":false},"author":2,"featured_media":0,"parent":0,"menu_order":0,"comment_status":"closed","ping_status":"closed","template":"","meta":{"footnotes":""},"class_list":["post-195","page","type-page","status-publish","hentry"],"_links":{"self":[{"href":"https:\/\/conferencia.ritmoenelarte.com\/index.php\/wp-json\/wp\/v2\/pages\/195","targetHints":{"allow":["GET"]}}],"collection":[{"href":"https:\/\/conferencia.ritmoenelarte.com\/index.php\/wp-json\/wp\/v2\/pages"}],"about":[{"href":"https:\/\/conferencia.ritmoenelarte.com\/index.php\/wp-json\/wp\/v2\/types\/page"}],"author":[{"embeddable":true,"href":"https:\/\/conferencia.ritmoenelarte.com\/index.php\/wp-json\/wp\/v2\/users\/2"}],"replies":[{"embeddable":true,"href":"https:\/\/conferencia.ritmoenelarte.com\/index.php\/wp-json\/wp\/v2\/comments?post=195"}],"version-history":[{"count":0,"href":"https:\/\/conferencia.ritmoenelarte.com\/index.php\/wp-json\/wp\/v2\/pages\/195\/revisions"}],"wp:attachment":[{"href":"https:\/\/conferencia.ritmoenelarte.com\/index.php\/wp-json\/wp\/v2\/media?parent=195"}],"curies":[{"name":"wp","href":"https:\/\/api.w.org\/{rel}","templated":true}]}}