{"id":62,"date":"2019-04-03T06:48:52","date_gmt":"2019-04-03T09:48:52","guid":{"rendered":"http:\/\/ritmoenelarte.com\/?page_id=62"},"modified":"2019-04-03T06:48:52","modified_gmt":"2019-04-03T09:48:52","slug":"workshop","status":"publish","type":"page","link":"https:\/\/conferencia.ritmoenelarte.com\/index.php\/workshop\/","title":{"rendered":"Workshop"},"content":{"rendered":"\n\t\t\t\t\n<p> S\u00e1bado 27 de 10 a 13 y 14 a 17<\/p>\n\n\n\n<p>Formulario de inscripci\u00f3n: <a href=\"https:\/\/forms.gle\/cqVFEvhStiWwK6oe9\">https:\/\/forms.gle\/cqVFEvhStiWwK6oe9<\/a>. Cupo m\u00e1ximo de 50 asistentes. Se dictar\u00e1 en franc\u00e9s con traducci\u00f3n simult\u00e1nea. <\/p>\n\n\n\n<p> La Vidriera de la DGEART, Per\u00fa 374., Ciudad de Buenos Aires<\/p>\n\n\n\n<p> <strong>Ritmo y poder en el siglo XXI.<\/strong><\/p>\n\n\n\n<p>El workshop tiene como objetivo desarrollar un an\u00e1lisis cr\u00edtico de los ritmos que organizan la individuaci\u00f3n singular y colectiva.<\/p>\n\n\n\n<p>Solo un an\u00e1lisis r\u00edtmico puede permitirnos tomar la medida del mundo, a la vez fluida, fragmentada y escenario de nuevos poderes, en los que acabamos de ingresar.<\/p>\n\n\n\n<p>Solo un an\u00e1lisis r\u00edtmico puede permitirnos imaginar las nuevas formas de subjetivaci\u00f3n singular y colectiva que necesitamos.<\/p>\n\n\n\n<p><strong>Programa<\/strong><\/p>\n\n\n\n<p>\n1. La pens\u00e9e critique\nface au nouveau monde. El\npensamiento cr\u00edtico frente al nuevo mundo. \n<\/p>\n\n\n\n<p>\n2. Rythmes des corps,\ndu langage et du social. Ritmos\ndel cuerpo, del lenguaje y de lo social.<\/p>\n\n\n\n<p>\n3. Rythme et\ndiscipline : Thompson et Foucault. Ritmo\ny disciplina: Thompson y Foucault.<\/p>\n\n\n\n<p>\n4. Des nouvelles\nformes de pouvoir dans le monde fluide. Nuevas\nformas de poder en el mundo fluido. \n<\/p>\n\n\n\n<p>\n5. Deux utopies du\nrythme : l&#8217;<em>idiorrythmie<\/em>\n(Barthes) et l&#8217;<em>eurythmie<\/em>\n(Mauss). Dos utop\u00edas del\nritmo: el <em>idiorritmo <\/em>(Barthes)\ny el <em>eurritmo<\/em>\n(Mauss).<\/p>\n\n\n\n<p> 6. Rythme et art : la <em>mani\u00e8re<\/em> (Diderot) et la <em>rythmicit\u00e9<\/em> (Mandelstam). Ritmo y arte: La <em>manera <\/em>(Diderot) y la <em>ritmicidad<\/em> (Mandelstam)<\/p>\n\n\n\n<figure class=\"wp-block-image\"><img loading=\"lazy\" decoding=\"async\" width=\"1024\" height=\"76\" src=\"http:\/\/conferencia.ritmoenelarte.com\/wp-content\/uploads\/2019\/04\/Tira-de-logos-fina-1024x76.png\" alt=\"\" class=\"wp-image-133\" srcset=\"https:\/\/conferencia.ritmoenelarte.com\/wp-content\/uploads\/2019\/04\/Tira-de-logos-fina-1024x76.png 1024w, https:\/\/conferencia.ritmoenelarte.com\/wp-content\/uploads\/2019\/04\/Tira-de-logos-fina-300x22.png 300w, https:\/\/conferencia.ritmoenelarte.com\/wp-content\/uploads\/2019\/04\/Tira-de-logos-fina-768x57.png 768w, https:\/\/conferencia.ritmoenelarte.com\/wp-content\/uploads\/2019\/04\/Tira-de-logos-fina.png 1224w\" sizes=\"auto, (max-width: 767px) 89vw, (max-width: 1000px) 54vw, (max-width: 1071px) 543px, 580px\" \/><\/figure>\n\t\t","protected":false},"excerpt":{"rendered":"<p>S\u00e1bado 27 de 10 a 13 y 14 a 17 Formulario de inscripci\u00f3n: https:\/\/forms.gle\/cqVFEvhStiWwK6oe9. Cupo m\u00e1ximo de 50 asistentes. Se dictar\u00e1 en franc\u00e9s con traducci\u00f3n simult\u00e1nea. La Vidriera de la DGEART, Per\u00fa 374., Ciudad de Buenos Aires Ritmo y poder en el siglo XXI. El workshop tiene como objetivo desarrollar un an\u00e1lisis cr\u00edtico de los &hellip; <\/p>\n<p class=\"link-more\"><a href=\"https:\/\/conferencia.ritmoenelarte.com\/index.php\/workshop\/\" class=\"more-link\">Continue reading<span class=\"screen-reader-text\"> &#8220;Workshop&#8221;<\/span><\/a><\/p>\n","protected":false},"author":2,"featured_media":0,"parent":0,"menu_order":0,"comment_status":"closed","ping_status":"closed","template":"","meta":{"footnotes":""},"class_list":["post-62","page","type-page","status-publish","hentry"],"_links":{"self":[{"href":"https:\/\/conferencia.ritmoenelarte.com\/index.php\/wp-json\/wp\/v2\/pages\/62","targetHints":{"allow":["GET"]}}],"collection":[{"href":"https:\/\/conferencia.ritmoenelarte.com\/index.php\/wp-json\/wp\/v2\/pages"}],"about":[{"href":"https:\/\/conferencia.ritmoenelarte.com\/index.php\/wp-json\/wp\/v2\/types\/page"}],"author":[{"embeddable":true,"href":"https:\/\/conferencia.ritmoenelarte.com\/index.php\/wp-json\/wp\/v2\/users\/2"}],"replies":[{"embeddable":true,"href":"https:\/\/conferencia.ritmoenelarte.com\/index.php\/wp-json\/wp\/v2\/comments?post=62"}],"version-history":[{"count":0,"href":"https:\/\/conferencia.ritmoenelarte.com\/index.php\/wp-json\/wp\/v2\/pages\/62\/revisions"}],"wp:attachment":[{"href":"https:\/\/conferencia.ritmoenelarte.com\/index.php\/wp-json\/wp\/v2\/media?parent=62"}],"curies":[{"name":"wp","href":"https:\/\/api.w.org\/{rel}","templated":true}]}}